{"id":2592,"date":"2024-05-02T20:33:36","date_gmt":"2024-05-02T23:33:36","guid":{"rendered":"https:\/\/vigodent.com.br\/esp\/?post_type=product&#038;p=2592"},"modified":"2024-05-31T17:21:35","modified_gmt":"2024-05-31T16:21:35","slug":"dessenssibilizante","status":"publish","type":"product","link":"https:\/\/vigodent.com.br\/esp\/produto\/dessenssibilizante\/","title":{"rendered":"Dessenssibilizante"},"content":{"rendered":"","protected":false},"excerpt":{"rendered":"<p>El Gel Desensibilizante Vigodent forma una pel\u00edcula estable sobre los dientes sensibles, actuando sellando los t\u00fabulos dentinarios de las zonas de dentina expuesta y otras zonas donde la sensibilidad postoperatoria es una preocupaci\u00f3n.<\/p>\n<p>El producto es de uso exclusivo antes del blanqueamiento en el consultorio.<\/p>\n","protected":false},"featured_media":2626,"comment_status":"open","ping_status":"closed","template":"","meta":{"_acf_changed":false},"product_brand":[],"product_cat":[81],"product_tag":[],"class_list":{"0":"post-2592","1":"product","2":"type-product","3":"status-publish","4":"has-post-thumbnail","6":"product_cat-essenciais","8":"first","9":"instock","10":"shipping-taxable","11":"product-type-simple"},"acf":[],"_links":{"self":[{"href":"https:\/\/vigodent.com.br\/esp\/wp-json\/wp\/v2\/product\/2592","targetHints":{"allow":["GET"]}}],"collection":[{"href":"https:\/\/vigodent.com.br\/esp\/wp-json\/wp\/v2\/product"}],"about":[{"href":"https:\/\/vigodent.com.br\/esp\/wp-json\/wp\/v2\/types\/product"}],"replies":[{"embeddable":true,"href":"https:\/\/vigodent.com.br\/esp\/wp-json\/wp\/v2\/comments?post=2592"}],"wp:featuredmedia":[{"embeddable":true,"href":"https:\/\/vigodent.com.br\/esp\/wp-json\/wp\/v2\/media\/2626"}],"wp:attachment":[{"href":"https:\/\/vigodent.com.br\/esp\/wp-json\/wp\/v2\/media?parent=2592"}],"wp:term":[{"taxonomy":"product_brand","embeddable":true,"href":"https:\/\/vigodent.com.br\/esp\/wp-json\/wp\/v2\/product_brand?post=2592"},{"taxonomy":"product_cat","embeddable":true,"href":"https:\/\/vigodent.com.br\/esp\/wp-json\/wp\/v2\/product_cat?post=2592"},{"taxonomy":"product_tag","embeddable":true,"href":"https:\/\/vigodent.com.br\/esp\/wp-json\/wp\/v2\/product_tag?post=2592"}],"curies":[{"name":"wp","href":"https:\/\/api.w.org\/{rel}","templated":true}]}}