{"id":2572,"date":"2024-05-01T17:47:15","date_gmt":"2024-05-01T20:47:15","guid":{"rendered":"https:\/\/vigodent.com.br\/esp\/?post_type=product&#038;p=2572"},"modified":"2024-05-31T16:52:32","modified_gmt":"2024-05-31T15:52:32","slug":"herostone","status":"publish","type":"product","link":"https:\/\/vigodent.com.br\/esp\/produto\/herostone\/","title":{"rendered":"Herostone"},"content":{"rendered":"","protected":false},"excerpt":{"rendered":"<p>Herostone Tipo IV Yeso de Piedra Especial se produce mediante el proceso de calcinaci\u00f3n en autoclave. Tiene caracter\u00edsticas extraduras para pr\u00f3tesis fijas y es f\u00e1cil de verter en moldes de silicona y poli\u00e9ster.<\/p>\n","protected":false},"featured_media":2850,"comment_status":"open","ping_status":"closed","template":"","meta":{"_acf_changed":false},"product_brand":[],"product_cat":[83],"product_tag":[],"class_list":{"0":"post-2572","1":"product","2":"type-product","3":"status-publish","4":"has-post-thumbnail","6":"product_cat-moldagem-e-protese","8":"first","9":"instock","10":"shipping-taxable","11":"product-type-simple"},"acf":[],"_links":{"self":[{"href":"https:\/\/vigodent.com.br\/esp\/wp-json\/wp\/v2\/product\/2572","targetHints":{"allow":["GET"]}}],"collection":[{"href":"https:\/\/vigodent.com.br\/esp\/wp-json\/wp\/v2\/product"}],"about":[{"href":"https:\/\/vigodent.com.br\/esp\/wp-json\/wp\/v2\/types\/product"}],"replies":[{"embeddable":true,"href":"https:\/\/vigodent.com.br\/esp\/wp-json\/wp\/v2\/comments?post=2572"}],"wp:featuredmedia":[{"embeddable":true,"href":"https:\/\/vigodent.com.br\/esp\/wp-json\/wp\/v2\/media\/2850"}],"wp:attachment":[{"href":"https:\/\/vigodent.com.br\/esp\/wp-json\/wp\/v2\/media?parent=2572"}],"wp:term":[{"taxonomy":"product_brand","embeddable":true,"href":"https:\/\/vigodent.com.br\/esp\/wp-json\/wp\/v2\/product_brand?post=2572"},{"taxonomy":"product_cat","embeddable":true,"href":"https:\/\/vigodent.com.br\/esp\/wp-json\/wp\/v2\/product_cat?post=2572"},{"taxonomy":"product_tag","embeddable":true,"href":"https:\/\/vigodent.com.br\/esp\/wp-json\/wp\/v2\/product_tag?post=2572"}],"curies":[{"name":"wp","href":"https:\/\/api.w.org\/{rel}","templated":true}]}}