{"id":2570,"date":"2024-05-01T17:39:04","date_gmt":"2024-05-01T20:39:04","guid":{"rendered":"https:\/\/vigodent.com.br\/esp\/?post_type=product&#038;p=2570"},"modified":"2024-05-31T16:57:36","modified_gmt":"2024-05-31T15:57:36","slug":"perfil-lab","status":"publish","type":"product","link":"https:\/\/vigodent.com.br\/esp\/produto\/perfil-lab\/","title":{"rendered":"Perfil Lab"},"content":{"rendered":"","protected":false},"excerpt":{"rendered":"<p>La L\u00ednea Perfil tambi\u00e9n dispone de una silicona de condensaci\u00f3n para uso exclusivo de laboratorios y prot\u00e9sicos, que se utiliza junto con el Catalizador Perfil. Perfil Lab proporciona una dureza extra despu\u00e9s del curado completo de 85\u00ba shore despu\u00e9s de 24 horas a 23\u00baC.<\/p>\n","protected":false},"featured_media":2854,"comment_status":"open","ping_status":"closed","template":"","meta":{"_acf_changed":false},"product_brand":[],"product_cat":[83],"product_tag":[],"class_list":{"0":"post-2570","1":"product","2":"type-product","3":"status-publish","4":"has-post-thumbnail","6":"product_cat-moldagem-e-protese","8":"first","9":"instock","10":"shipping-taxable","11":"product-type-simple"},"acf":[],"_links":{"self":[{"href":"https:\/\/vigodent.com.br\/esp\/wp-json\/wp\/v2\/product\/2570","targetHints":{"allow":["GET"]}}],"collection":[{"href":"https:\/\/vigodent.com.br\/esp\/wp-json\/wp\/v2\/product"}],"about":[{"href":"https:\/\/vigodent.com.br\/esp\/wp-json\/wp\/v2\/types\/product"}],"replies":[{"embeddable":true,"href":"https:\/\/vigodent.com.br\/esp\/wp-json\/wp\/v2\/comments?post=2570"}],"wp:featuredmedia":[{"embeddable":true,"href":"https:\/\/vigodent.com.br\/esp\/wp-json\/wp\/v2\/media\/2854"}],"wp:attachment":[{"href":"https:\/\/vigodent.com.br\/esp\/wp-json\/wp\/v2\/media?parent=2570"}],"wp:term":[{"taxonomy":"product_brand","embeddable":true,"href":"https:\/\/vigodent.com.br\/esp\/wp-json\/wp\/v2\/product_brand?post=2570"},{"taxonomy":"product_cat","embeddable":true,"href":"https:\/\/vigodent.com.br\/esp\/wp-json\/wp\/v2\/product_cat?post=2570"},{"taxonomy":"product_tag","embeddable":true,"href":"https:\/\/vigodent.com.br\/esp\/wp-json\/wp\/v2\/product_tag?post=2570"}],"curies":[{"name":"wp","href":"https:\/\/api.w.org\/{rel}","templated":true}]}}