{"id":2561,"date":"2024-05-01T15:26:31","date_gmt":"2024-05-01T18:26:31","guid":{"rendered":"https:\/\/vigodent.com.br\/esp\/?post_type=product&#038;p=2561"},"modified":"2024-05-31T17:07:02","modified_gmt":"2024-05-31T16:07:02","slug":"obturador-provisorio","status":"publish","type":"product","link":"https:\/\/vigodent.com.br\/esp\/produto\/obturador-provisorio\/","title":{"rendered":"Obturador Provis\u00f3rio"},"content":{"rendered":"","protected":false},"excerpt":{"rendered":"<p>Perfecto para el sellado de cavidades pulpares.<\/p>\n<p>El Obturador Provisional es un restaurador provisional indicado para el cierre temporal de cavidades en tratamientos restauradores y endod\u00f3nticos, en procedimientos endod\u00f3nticos inacabados o de emergencia, en odontolog\u00eda y pr\u00f3tesis, previniendo la contaminaci\u00f3n. Contiene fl\u00faor para reducir la sensibilidad en el lugar tratado.<\/p>\n","protected":false},"featured_media":2634,"comment_status":"open","ping_status":"closed","template":"","meta":{"_acf_changed":false},"product_brand":[],"product_cat":[81],"product_tag":[],"class_list":{"0":"post-2561","1":"product","2":"type-product","3":"status-publish","4":"has-post-thumbnail","6":"product_cat-essenciais","8":"first","9":"instock","10":"shipping-taxable","11":"product-type-simple"},"acf":[],"_links":{"self":[{"href":"https:\/\/vigodent.com.br\/esp\/wp-json\/wp\/v2\/product\/2561","targetHints":{"allow":["GET"]}}],"collection":[{"href":"https:\/\/vigodent.com.br\/esp\/wp-json\/wp\/v2\/product"}],"about":[{"href":"https:\/\/vigodent.com.br\/esp\/wp-json\/wp\/v2\/types\/product"}],"replies":[{"embeddable":true,"href":"https:\/\/vigodent.com.br\/esp\/wp-json\/wp\/v2\/comments?post=2561"}],"wp:featuredmedia":[{"embeddable":true,"href":"https:\/\/vigodent.com.br\/esp\/wp-json\/wp\/v2\/media\/2634"}],"wp:attachment":[{"href":"https:\/\/vigodent.com.br\/esp\/wp-json\/wp\/v2\/media?parent=2561"}],"wp:term":[{"taxonomy":"product_brand","embeddable":true,"href":"https:\/\/vigodent.com.br\/esp\/wp-json\/wp\/v2\/product_brand?post=2561"},{"taxonomy":"product_cat","embeddable":true,"href":"https:\/\/vigodent.com.br\/esp\/wp-json\/wp\/v2\/product_cat?post=2561"},{"taxonomy":"product_tag","embeddable":true,"href":"https:\/\/vigodent.com.br\/esp\/wp-json\/wp\/v2\/product_tag?post=2561"}],"curies":[{"name":"wp","href":"https:\/\/api.w.org\/{rel}","templated":true}]}}