{"id":2560,"date":"2024-05-01T15:19:15","date_gmt":"2024-05-01T18:19:15","guid":{"rendered":"https:\/\/vigodent.com.br\/esp\/?post_type=product&#038;p=2560"},"modified":"2024-05-31T17:08:16","modified_gmt":"2024-05-31T16:08:16","slug":"cimento-endodontico","status":"publish","type":"product","link":"https:\/\/vigodent.com.br\/esp\/produto\/cimento-endodontico\/","title":{"rendered":"Cimento Endod\u00f4ntico"},"content":{"rendered":"","protected":false},"excerpt":{"rendered":"<p>El cemento endod\u00f3ntico es un cemento de relleno a base de \u00f3xido de zinc (polvo) y eugenol (l\u00edquido) que se utiliza para rellenar los conductos radiculares despu\u00e9s del procedimiento endod\u00f3ntico. Sus caracter\u00edsticas incluyen buena tolerancia tisular, radiopacidad, impermeabilidad y granulaci\u00f3n fina, proporcionando una mezcla homog\u00e9nea, cremosa y sin grumos.<\/p>\n","protected":false},"featured_media":2875,"comment_status":"open","ping_status":"closed","template":"","meta":{"_acf_changed":false},"product_brand":[],"product_cat":[81],"product_tag":[],"class_list":{"0":"post-2560","1":"product","2":"type-product","3":"status-publish","4":"has-post-thumbnail","6":"product_cat-essenciais","8":"first","9":"instock","10":"shipping-taxable","11":"product-type-simple"},"acf":[],"_links":{"self":[{"href":"https:\/\/vigodent.com.br\/esp\/wp-json\/wp\/v2\/product\/2560","targetHints":{"allow":["GET"]}}],"collection":[{"href":"https:\/\/vigodent.com.br\/esp\/wp-json\/wp\/v2\/product"}],"about":[{"href":"https:\/\/vigodent.com.br\/esp\/wp-json\/wp\/v2\/types\/product"}],"replies":[{"embeddable":true,"href":"https:\/\/vigodent.com.br\/esp\/wp-json\/wp\/v2\/comments?post=2560"}],"wp:featuredmedia":[{"embeddable":true,"href":"https:\/\/vigodent.com.br\/esp\/wp-json\/wp\/v2\/media\/2875"}],"wp:attachment":[{"href":"https:\/\/vigodent.com.br\/esp\/wp-json\/wp\/v2\/media?parent=2560"}],"wp:term":[{"taxonomy":"product_brand","embeddable":true,"href":"https:\/\/vigodent.com.br\/esp\/wp-json\/wp\/v2\/product_brand?post=2560"},{"taxonomy":"product_cat","embeddable":true,"href":"https:\/\/vigodent.com.br\/esp\/wp-json\/wp\/v2\/product_cat?post=2560"},{"taxonomy":"product_tag","embeddable":true,"href":"https:\/\/vigodent.com.br\/esp\/wp-json\/wp\/v2\/product_tag?post=2560"}],"curies":[{"name":"wp","href":"https:\/\/api.w.org\/{rel}","templated":true}]}}