{"id":2558,"date":"2024-05-01T15:12:00","date_gmt":"2024-05-01T18:12:00","guid":{"rendered":"https:\/\/vigodent.com.br\/esp\/?post_type=product&#038;p=2558"},"modified":"2024-05-31T17:23:53","modified_gmt":"2024-05-31T16:23:53","slug":"edta-gel-24","status":"publish","type":"product","link":"https:\/\/vigodent.com.br\/esp\/produto\/edta-gel-24\/","title":{"rendered":"EDTA Gel 24%"},"content":{"rendered":"","protected":false},"excerpt":{"rendered":"<p>El Gel EDTA Tris\u00f3dico 24% se utiliza para ampliar los conductos radiculares, eliminar las capas de barrillo dentinario y preparar la pared dentinaria para la adhesi\u00f3n de materiales de obturaci\u00f3n. F\u00e1cil de aplicar y listo para usar, Trisodium EDTA Gel tiene una viscosidad ideal, evitando el escurrimiento.<\/p>\n","protected":false},"featured_media":2642,"comment_status":"open","ping_status":"closed","template":"","meta":{"_acf_changed":false},"product_brand":[],"product_cat":[81],"product_tag":[],"class_list":{"0":"post-2558","1":"product","2":"type-product","3":"status-publish","4":"has-post-thumbnail","6":"product_cat-essenciais","8":"first","9":"instock","10":"shipping-taxable","11":"product-type-simple"},"acf":[],"_links":{"self":[{"href":"https:\/\/vigodent.com.br\/esp\/wp-json\/wp\/v2\/product\/2558","targetHints":{"allow":["GET"]}}],"collection":[{"href":"https:\/\/vigodent.com.br\/esp\/wp-json\/wp\/v2\/product"}],"about":[{"href":"https:\/\/vigodent.com.br\/esp\/wp-json\/wp\/v2\/types\/product"}],"replies":[{"embeddable":true,"href":"https:\/\/vigodent.com.br\/esp\/wp-json\/wp\/v2\/comments?post=2558"}],"wp:featuredmedia":[{"embeddable":true,"href":"https:\/\/vigodent.com.br\/esp\/wp-json\/wp\/v2\/media\/2642"}],"wp:attachment":[{"href":"https:\/\/vigodent.com.br\/esp\/wp-json\/wp\/v2\/media?parent=2558"}],"wp:term":[{"taxonomy":"product_brand","embeddable":true,"href":"https:\/\/vigodent.com.br\/esp\/wp-json\/wp\/v2\/product_brand?post=2558"},{"taxonomy":"product_cat","embeddable":true,"href":"https:\/\/vigodent.com.br\/esp\/wp-json\/wp\/v2\/product_cat?post=2558"},{"taxonomy":"product_tag","embeddable":true,"href":"https:\/\/vigodent.com.br\/esp\/wp-json\/wp\/v2\/product_tag?post=2558"}],"curies":[{"name":"wp","href":"https:\/\/api.w.org\/{rel}","templated":true}]}}