{"id":2555,"date":"2024-05-01T14:59:40","date_gmt":"2024-05-01T17:59:40","guid":{"rendered":"https:\/\/vigodent.com.br\/esp\/?post_type=product&#038;p=2555"},"modified":"2024-05-31T17:34:41","modified_gmt":"2024-05-31T16:34:41","slug":"acido-fluoridrico","status":"publish","type":"product","link":"https:\/\/vigodent.com.br\/esp\/produto\/acido-fluoridrico\/","title":{"rendered":"\u00c1cido Fluor\u00eddrico"},"content":{"rendered":"","protected":false},"excerpt":{"rendered":"<p>Gel a base de \u00e1cido fluorh\u00eddrico al 10% para el acondicionamiento de cer\u00e1mica. Este \u00e1cido proporciona una consistencia \u00f3ptima, f\u00e1cil aplicaci\u00f3n y eliminaci\u00f3n, as\u00ed como una excelente eficacia en el acondicionamiento de la porcelana. Tiene un color contrastado con las piezas cer\u00e1micas para una mejor visualizaci\u00f3n.<\/p>\n","protected":false},"featured_media":2637,"comment_status":"open","ping_status":"closed","template":"","meta":{"_acf_changed":false},"product_brand":[],"product_cat":[81],"product_tag":[],"class_list":{"0":"post-2555","1":"product","2":"type-product","3":"status-publish","4":"has-post-thumbnail","6":"product_cat-essenciais","8":"first","9":"instock","10":"shipping-taxable","11":"product-type-simple"},"acf":[],"_links":{"self":[{"href":"https:\/\/vigodent.com.br\/esp\/wp-json\/wp\/v2\/product\/2555","targetHints":{"allow":["GET"]}}],"collection":[{"href":"https:\/\/vigodent.com.br\/esp\/wp-json\/wp\/v2\/product"}],"about":[{"href":"https:\/\/vigodent.com.br\/esp\/wp-json\/wp\/v2\/types\/product"}],"replies":[{"embeddable":true,"href":"https:\/\/vigodent.com.br\/esp\/wp-json\/wp\/v2\/comments?post=2555"}],"wp:featuredmedia":[{"embeddable":true,"href":"https:\/\/vigodent.com.br\/esp\/wp-json\/wp\/v2\/media\/2637"}],"wp:attachment":[{"href":"https:\/\/vigodent.com.br\/esp\/wp-json\/wp\/v2\/media?parent=2555"}],"wp:term":[{"taxonomy":"product_brand","embeddable":true,"href":"https:\/\/vigodent.com.br\/esp\/wp-json\/wp\/v2\/product_brand?post=2555"},{"taxonomy":"product_cat","embeddable":true,"href":"https:\/\/vigodent.com.br\/esp\/wp-json\/wp\/v2\/product_cat?post=2555"},{"taxonomy":"product_tag","embeddable":true,"href":"https:\/\/vigodent.com.br\/esp\/wp-json\/wp\/v2\/product_tag?post=2555"}],"curies":[{"name":"wp","href":"https:\/\/api.w.org\/{rel}","templated":true}]}}