{"id":2553,"date":"2024-05-01T14:48:08","date_gmt":"2024-05-01T17:48:08","guid":{"rendered":"https:\/\/vigodent.com.br\/esp\/?post_type=product&#038;p=2553"},"modified":"2024-05-31T17:41:21","modified_gmt":"2024-05-31T16:41:21","slug":"silano","status":"publish","type":"product","link":"https:\/\/vigodent.com.br\/esp\/produto\/silano\/","title":{"rendered":"Silano"},"content":{"rendered":"","protected":false},"excerpt":{"rendered":"<p>El silano es un agente adhesivo con una excelente fuerza de adhesi\u00f3n entre porcelana, fibras de vidrio, cementos de resina y resinas compuestas. Pr\u00e1ctico, preactivado y listo para usar, este agente adhesivo ofrece una alta adhesi\u00f3n y baja evaporaci\u00f3n.<\/p>\n","protected":false},"featured_media":2636,"comment_status":"open","ping_status":"closed","template":"","meta":{"_acf_changed":false},"product_brand":[],"product_cat":[81],"product_tag":[],"class_list":{"0":"post-2553","1":"product","2":"type-product","3":"status-publish","4":"has-post-thumbnail","6":"product_cat-essenciais","8":"first","9":"instock","10":"shipping-taxable","11":"product-type-simple"},"acf":[],"_links":{"self":[{"href":"https:\/\/vigodent.com.br\/esp\/wp-json\/wp\/v2\/product\/2553","targetHints":{"allow":["GET"]}}],"collection":[{"href":"https:\/\/vigodent.com.br\/esp\/wp-json\/wp\/v2\/product"}],"about":[{"href":"https:\/\/vigodent.com.br\/esp\/wp-json\/wp\/v2\/types\/product"}],"replies":[{"embeddable":true,"href":"https:\/\/vigodent.com.br\/esp\/wp-json\/wp\/v2\/comments?post=2553"}],"wp:featuredmedia":[{"embeddable":true,"href":"https:\/\/vigodent.com.br\/esp\/wp-json\/wp\/v2\/media\/2636"}],"wp:attachment":[{"href":"https:\/\/vigodent.com.br\/esp\/wp-json\/wp\/v2\/media?parent=2553"}],"wp:term":[{"taxonomy":"product_brand","embeddable":true,"href":"https:\/\/vigodent.com.br\/esp\/wp-json\/wp\/v2\/product_brand?post=2553"},{"taxonomy":"product_cat","embeddable":true,"href":"https:\/\/vigodent.com.br\/esp\/wp-json\/wp\/v2\/product_cat?post=2553"},{"taxonomy":"product_tag","embeddable":true,"href":"https:\/\/vigodent.com.br\/esp\/wp-json\/wp\/v2\/product_tag?post=2553"}],"curies":[{"name":"wp","href":"https:\/\/api.w.org\/{rel}","templated":true}]}}