{"id":2551,"date":"2024-05-01T14:41:13","date_gmt":"2024-05-01T17:41:13","guid":{"rendered":"https:\/\/vigodent.com.br\/esp\/?post_type=product&#038;p=2551"},"modified":"2024-05-31T17:43:42","modified_gmt":"2024-05-31T16:43:42","slug":"cimento-ls","status":"publish","type":"product","link":"https:\/\/vigodent.com.br\/esp\/produto\/cimento-ls\/","title":{"rendered":"Cimento LS"},"content":{"rendered":"","protected":false},"excerpt":{"rendered":"<p>El cemento definitivo para trabajos prot\u00e9sicos.<\/p>\n<p>LS Cement es un agente cementante y base para cavidades profundas con alta resistencia a la compresi\u00f3n, excelente aislamiento t\u00e9rmico, el\u00e9ctrico, qu\u00edmico y mec\u00e1nico y es compatible con todos los materiales de restauraci\u00f3n.<\/p>\n","protected":false},"featured_media":2876,"comment_status":"open","ping_status":"closed","template":"","meta":{"_acf_changed":false},"product_brand":[],"product_cat":[82],"product_tag":[],"class_list":{"0":"post-2551","1":"product","2":"type-product","3":"status-publish","4":"has-post-thumbnail","6":"product_cat-cimentacao","8":"first","9":"instock","10":"shipping-taxable","11":"product-type-simple"},"acf":[],"_links":{"self":[{"href":"https:\/\/vigodent.com.br\/esp\/wp-json\/wp\/v2\/product\/2551","targetHints":{"allow":["GET"]}}],"collection":[{"href":"https:\/\/vigodent.com.br\/esp\/wp-json\/wp\/v2\/product"}],"about":[{"href":"https:\/\/vigodent.com.br\/esp\/wp-json\/wp\/v2\/types\/product"}],"replies":[{"embeddable":true,"href":"https:\/\/vigodent.com.br\/esp\/wp-json\/wp\/v2\/comments?post=2551"}],"wp:featuredmedia":[{"embeddable":true,"href":"https:\/\/vigodent.com.br\/esp\/wp-json\/wp\/v2\/media\/2876"}],"wp:attachment":[{"href":"https:\/\/vigodent.com.br\/esp\/wp-json\/wp\/v2\/media?parent=2551"}],"wp:term":[{"taxonomy":"product_brand","embeddable":true,"href":"https:\/\/vigodent.com.br\/esp\/wp-json\/wp\/v2\/product_brand?post=2551"},{"taxonomy":"product_cat","embeddable":true,"href":"https:\/\/vigodent.com.br\/esp\/wp-json\/wp\/v2\/product_cat?post=2551"},{"taxonomy":"product_tag","embeddable":true,"href":"https:\/\/vigodent.com.br\/esp\/wp-json\/wp\/v2\/product_tag?post=2551"}],"curies":[{"name":"wp","href":"https:\/\/api.w.org\/{rel}","templated":true}]}}