{"id":2548,"date":"2024-05-01T14:23:15","date_gmt":"2024-05-01T17:23:15","guid":{"rendered":"https:\/\/vigodent.com.br\/esp\/?post_type=product&#038;p=2548"},"modified":"2024-05-31T17:49:08","modified_gmt":"2024-05-31T16:49:08","slug":"magic-white-office","status":"publish","type":"product","link":"https:\/\/vigodent.com.br\/esp\/produto\/magic-white-office\/","title":{"rendered":"Magic White Office"},"content":{"rendered":"","protected":false},"excerpt":{"rendered":"<p>El favorito de los dentistas para el blanqueamiento.<\/p>\n<p>Magic White Office es el blanqueador dental a base de per\u00f3xido de hidr\u00f3geno al 35% para uso en consultorio. Con el proceso de mezcla de jeringa a jeringa, Magic White Office facilita la aplicaci\u00f3n, haciendo que el procedimiento sea m\u00e1s r\u00e1pido y eficaz para el dentista.<\/p>\n","protected":false},"featured_media":2628,"comment_status":"open","ping_status":"closed","template":"","meta":{"_acf_changed":false},"product_brand":[],"product_cat":[84],"product_tag":[],"class_list":{"0":"post-2548","1":"product","2":"type-product","3":"status-publish","4":"has-post-thumbnail","6":"product_cat-clareamento","8":"first","9":"instock","10":"shipping-taxable","11":"product-type-simple"},"acf":[],"_links":{"self":[{"href":"https:\/\/vigodent.com.br\/esp\/wp-json\/wp\/v2\/product\/2548","targetHints":{"allow":["GET"]}}],"collection":[{"href":"https:\/\/vigodent.com.br\/esp\/wp-json\/wp\/v2\/product"}],"about":[{"href":"https:\/\/vigodent.com.br\/esp\/wp-json\/wp\/v2\/types\/product"}],"replies":[{"embeddable":true,"href":"https:\/\/vigodent.com.br\/esp\/wp-json\/wp\/v2\/comments?post=2548"}],"wp:featuredmedia":[{"embeddable":true,"href":"https:\/\/vigodent.com.br\/esp\/wp-json\/wp\/v2\/media\/2628"}],"wp:attachment":[{"href":"https:\/\/vigodent.com.br\/esp\/wp-json\/wp\/v2\/media?parent=2548"}],"wp:term":[{"taxonomy":"product_brand","embeddable":true,"href":"https:\/\/vigodent.com.br\/esp\/wp-json\/wp\/v2\/product_brand?post=2548"},{"taxonomy":"product_cat","embeddable":true,"href":"https:\/\/vigodent.com.br\/esp\/wp-json\/wp\/v2\/product_cat?post=2548"},{"taxonomy":"product_tag","embeddable":true,"href":"https:\/\/vigodent.com.br\/esp\/wp-json\/wp\/v2\/product_tag?post=2548"}],"curies":[{"name":"wp","href":"https:\/\/api.w.org\/{rel}","templated":true}]}}