{"id":2547,"date":"2024-05-01T14:18:50","date_gmt":"2024-05-01T17:18:50","guid":{"rendered":"https:\/\/vigodent.com.br\/esp\/?post_type=product&#038;p=2547"},"modified":"2024-05-31T17:50:53","modified_gmt":"2024-05-31T16:50:53","slug":"magic-white","status":"publish","type":"product","link":"https:\/\/vigodent.com.br\/esp\/produto\/magic-white\/","title":{"rendered":"Magic White"},"content":{"rendered":"","protected":false},"excerpt":{"rendered":"<p>Resultados m\u00e1gicos para aquellos que buscan seguridad, resultados naturales y est\u00e9ticos. Magic White es un blanqueador dental a base de per\u00f3xido de carbamida para uso supervisado por el dentista.<\/p>\n<p>Con un agente desensibilizante en la f\u00f3rmula y una alta viscosidad que evita la fuga del gel de la f\u00e9rula, previniendo quemaduras qu\u00edmicas, Magic White es una opci\u00f3n segura para aquellos que buscan excelentes resultados est\u00e9ticos.<\/p>\n","protected":false},"featured_media":2888,"comment_status":"open","ping_status":"closed","template":"","meta":{"_acf_changed":false},"product_brand":[],"product_cat":[84],"product_tag":[],"class_list":{"0":"post-2547","1":"product","2":"type-product","3":"status-publish","4":"has-post-thumbnail","6":"product_cat-clareamento","8":"first","9":"instock","10":"shipping-taxable","11":"product-type-simple"},"acf":[],"_links":{"self":[{"href":"https:\/\/vigodent.com.br\/esp\/wp-json\/wp\/v2\/product\/2547","targetHints":{"allow":["GET"]}}],"collection":[{"href":"https:\/\/vigodent.com.br\/esp\/wp-json\/wp\/v2\/product"}],"about":[{"href":"https:\/\/vigodent.com.br\/esp\/wp-json\/wp\/v2\/types\/product"}],"replies":[{"embeddable":true,"href":"https:\/\/vigodent.com.br\/esp\/wp-json\/wp\/v2\/comments?post=2547"}],"wp:featuredmedia":[{"embeddable":true,"href":"https:\/\/vigodent.com.br\/esp\/wp-json\/wp\/v2\/media\/2888"}],"wp:attachment":[{"href":"https:\/\/vigodent.com.br\/esp\/wp-json\/wp\/v2\/media?parent=2547"}],"wp:term":[{"taxonomy":"product_brand","embeddable":true,"href":"https:\/\/vigodent.com.br\/esp\/wp-json\/wp\/v2\/product_brand?post=2547"},{"taxonomy":"product_cat","embeddable":true,"href":"https:\/\/vigodent.com.br\/esp\/wp-json\/wp\/v2\/product_cat?post=2547"},{"taxonomy":"product_tag","embeddable":true,"href":"https:\/\/vigodent.com.br\/esp\/wp-json\/wp\/v2\/product_tag?post=2547"}],"curies":[{"name":"wp","href":"https:\/\/api.w.org\/{rel}","templated":true}]}}