{"id":2541,"date":"2024-04-30T22:14:46","date_gmt":"2024-05-01T01:14:46","guid":{"rendered":"https:\/\/vigodent.com.br\/esp\/?post_type=product&#038;p=2541"},"modified":"2024-05-31T18:52:58","modified_gmt":"2024-05-31T17:52:58","slug":"fill-magic-shape","status":"publish","type":"product","link":"https:\/\/vigodent.com.br\/esp\/produto\/fill-magic-shape\/","title":{"rendered":"Fill Magic Shape"},"content":{"rendered":"","protected":false},"excerpt":{"rendered":"<p>A Fill Magic Shape es una resina modeladora fotopolimerizable de excelente relaci\u00f3n calidad-precio que promueve la humectaci\u00f3n de instrumentos como pinceles y esp\u00e1tulas durante la etapa de escultura de resina compuesta.<\/p>\n","protected":false},"featured_media":2648,"comment_status":"open","ping_status":"closed","template":"","meta":{"_acf_changed":false},"product_brand":[],"product_cat":[21],"product_tag":[],"class_list":{"0":"post-2541","1":"product","2":"type-product","3":"status-publish","4":"has-post-thumbnail","6":"product_cat-estetica-e-restauracao","8":"first","9":"instock","10":"shipping-taxable","11":"product-type-simple"},"acf":[],"_links":{"self":[{"href":"https:\/\/vigodent.com.br\/esp\/wp-json\/wp\/v2\/product\/2541","targetHints":{"allow":["GET"]}}],"collection":[{"href":"https:\/\/vigodent.com.br\/esp\/wp-json\/wp\/v2\/product"}],"about":[{"href":"https:\/\/vigodent.com.br\/esp\/wp-json\/wp\/v2\/types\/product"}],"replies":[{"embeddable":true,"href":"https:\/\/vigodent.com.br\/esp\/wp-json\/wp\/v2\/comments?post=2541"}],"wp:featuredmedia":[{"embeddable":true,"href":"https:\/\/vigodent.com.br\/esp\/wp-json\/wp\/v2\/media\/2648"}],"wp:attachment":[{"href":"https:\/\/vigodent.com.br\/esp\/wp-json\/wp\/v2\/media?parent=2541"}],"wp:term":[{"taxonomy":"product_brand","embeddable":true,"href":"https:\/\/vigodent.com.br\/esp\/wp-json\/wp\/v2\/product_brand?post=2541"},{"taxonomy":"product_cat","embeddable":true,"href":"https:\/\/vigodent.com.br\/esp\/wp-json\/wp\/v2\/product_cat?post=2541"},{"taxonomy":"product_tag","embeddable":true,"href":"https:\/\/vigodent.com.br\/esp\/wp-json\/wp\/v2\/product_tag?post=2541"}],"curies":[{"name":"wp","href":"https:\/\/api.w.org\/{rel}","templated":true}]}}