{"id":2540,"date":"2024-04-30T22:09:01","date_gmt":"2024-05-01T01:09:01","guid":{"rendered":"https:\/\/vigodent.com.br\/esp\/?post_type=product&#038;p=2540"},"modified":"2024-05-31T18:57:10","modified_gmt":"2024-05-31T17:57:10","slug":"magic-wetting","status":"publish","type":"product","link":"https:\/\/vigodent.com.br\/esp\/produto\/magic-wetting\/","title":{"rendered":"Magic Wetting"},"content":{"rendered":"","protected":false},"excerpt":{"rendered":"<p>El aliado perfecto para resultados est\u00e9ticos incre\u00edbles. Magic Wetting es una resina compuesta humectante y modeladora fotopolimerizable que promueve la humectaci\u00f3n de instrumentos como pinceles y esp\u00e1tulas durante la etapa de escultura de resina compuesta.<\/p>\n","protected":false},"featured_media":2882,"comment_status":"open","ping_status":"closed","template":"","meta":{"_acf_changed":false},"product_brand":[],"product_cat":[21],"product_tag":[],"class_list":{"0":"post-2540","1":"product","2":"type-product","3":"status-publish","4":"has-post-thumbnail","6":"product_cat-estetica-e-restauracao","8":"first","9":"instock","10":"shipping-taxable","11":"product-type-simple"},"acf":[],"_links":{"self":[{"href":"https:\/\/vigodent.com.br\/esp\/wp-json\/wp\/v2\/product\/2540","targetHints":{"allow":["GET"]}}],"collection":[{"href":"https:\/\/vigodent.com.br\/esp\/wp-json\/wp\/v2\/product"}],"about":[{"href":"https:\/\/vigodent.com.br\/esp\/wp-json\/wp\/v2\/types\/product"}],"replies":[{"embeddable":true,"href":"https:\/\/vigodent.com.br\/esp\/wp-json\/wp\/v2\/comments?post=2540"}],"wp:featuredmedia":[{"embeddable":true,"href":"https:\/\/vigodent.com.br\/esp\/wp-json\/wp\/v2\/media\/2882"}],"wp:attachment":[{"href":"https:\/\/vigodent.com.br\/esp\/wp-json\/wp\/v2\/media?parent=2540"}],"wp:term":[{"taxonomy":"product_brand","embeddable":true,"href":"https:\/\/vigodent.com.br\/esp\/wp-json\/wp\/v2\/product_brand?post=2540"},{"taxonomy":"product_cat","embeddable":true,"href":"https:\/\/vigodent.com.br\/esp\/wp-json\/wp\/v2\/product_cat?post=2540"},{"taxonomy":"product_tag","embeddable":true,"href":"https:\/\/vigodent.com.br\/esp\/wp-json\/wp\/v2\/product_tag?post=2540"}],"curies":[{"name":"wp","href":"https:\/\/api.w.org\/{rel}","templated":true}]}}