{"id":2537,"date":"2024-04-30T21:58:52","date_gmt":"2024-05-01T00:58:52","guid":{"rendered":"https:\/\/vigodent.com.br\/esp\/?post_type=product&#038;p=2537"},"modified":"2024-05-31T19:07:56","modified_gmt":"2024-05-31T18:07:56","slug":"magic-bond","status":"publish","type":"product","link":"https:\/\/vigodent.com.br\/esp\/produto\/magic-bond\/","title":{"rendered":"Magic Bond"},"content":{"rendered":"","protected":false},"excerpt":{"rendered":"<p>O Magic Bond es un sistema adhesivo fotopolimerizable de tercera generaci\u00f3n que ofrece una excelente relaci\u00f3n calidad-precio para la adhesi\u00f3n al esmalte.<\/p>\n","protected":false},"featured_media":2989,"comment_status":"open","ping_status":"closed","template":"","meta":{"_acf_changed":false},"product_brand":[],"product_cat":[21],"product_tag":[],"class_list":{"0":"post-2537","1":"product","2":"type-product","3":"status-publish","4":"has-post-thumbnail","6":"product_cat-estetica-e-restauracao","8":"first","9":"instock","10":"shipping-taxable","11":"product-type-simple"},"acf":[],"_links":{"self":[{"href":"https:\/\/vigodent.com.br\/esp\/wp-json\/wp\/v2\/product\/2537","targetHints":{"allow":["GET"]}}],"collection":[{"href":"https:\/\/vigodent.com.br\/esp\/wp-json\/wp\/v2\/product"}],"about":[{"href":"https:\/\/vigodent.com.br\/esp\/wp-json\/wp\/v2\/types\/product"}],"replies":[{"embeddable":true,"href":"https:\/\/vigodent.com.br\/esp\/wp-json\/wp\/v2\/comments?post=2537"}],"wp:featuredmedia":[{"embeddable":true,"href":"https:\/\/vigodent.com.br\/esp\/wp-json\/wp\/v2\/media\/2989"}],"wp:attachment":[{"href":"https:\/\/vigodent.com.br\/esp\/wp-json\/wp\/v2\/media?parent=2537"}],"wp:term":[{"taxonomy":"product_brand","embeddable":true,"href":"https:\/\/vigodent.com.br\/esp\/wp-json\/wp\/v2\/product_brand?post=2537"},{"taxonomy":"product_cat","embeddable":true,"href":"https:\/\/vigodent.com.br\/esp\/wp-json\/wp\/v2\/product_cat?post=2537"},{"taxonomy":"product_tag","embeddable":true,"href":"https:\/\/vigodent.com.br\/esp\/wp-json\/wp\/v2\/product_tag?post=2537"}],"curies":[{"name":"wp","href":"https:\/\/api.w.org\/{rel}","templated":true}]}}