{"id":1314,"date":"2024-04-08T20:41:16","date_gmt":"2024-04-08T23:41:16","guid":{"rendered":"https:\/\/vigodent.com.br\/esp\/?post_type=product&#038;p=1314"},"modified":"2024-05-31T19:23:54","modified_gmt":"2024-05-31T18:23:54","slug":"magic-bond-universal","status":"publish","type":"product","link":"https:\/\/vigodent.com.br\/esp\/produto\/magic-bond-universal\/","title":{"rendered":"Magic Bond Universal"},"content":{"rendered":"","protected":false},"excerpt":{"rendered":"<p>El adhesivo que faltaba en la rutina diaria del dentista.<br \/>\nMagic Bond Universal es un sistema adhesivo monofrasco autopolimerizable de 7\u00aa generaci\u00f3n ideal para una m\u00e1xima adhesi\u00f3n al esmalte y la dentina, que ofrece una versatilidad \u00fanica en el mercado.<\/p>\n","protected":false},"featured_media":1315,"comment_status":"open","ping_status":"closed","template":"","meta":{"_acf_changed":false},"product_brand":[],"product_cat":[21],"product_tag":[],"class_list":{"0":"post-1314","1":"product","2":"type-product","3":"status-publish","4":"has-post-thumbnail","6":"product_cat-estetica-e-restauracao","8":"first","9":"instock","10":"shipping-taxable","11":"product-type-simple"},"acf":[],"_links":{"self":[{"href":"https:\/\/vigodent.com.br\/esp\/wp-json\/wp\/v2\/product\/1314","targetHints":{"allow":["GET"]}}],"collection":[{"href":"https:\/\/vigodent.com.br\/esp\/wp-json\/wp\/v2\/product"}],"about":[{"href":"https:\/\/vigodent.com.br\/esp\/wp-json\/wp\/v2\/types\/product"}],"replies":[{"embeddable":true,"href":"https:\/\/vigodent.com.br\/esp\/wp-json\/wp\/v2\/comments?post=1314"}],"wp:featuredmedia":[{"embeddable":true,"href":"https:\/\/vigodent.com.br\/esp\/wp-json\/wp\/v2\/media\/1315"}],"wp:attachment":[{"href":"https:\/\/vigodent.com.br\/esp\/wp-json\/wp\/v2\/media?parent=1314"}],"wp:term":[{"taxonomy":"product_brand","embeddable":true,"href":"https:\/\/vigodent.com.br\/esp\/wp-json\/wp\/v2\/product_brand?post=1314"},{"taxonomy":"product_cat","embeddable":true,"href":"https:\/\/vigodent.com.br\/esp\/wp-json\/wp\/v2\/product_cat?post=1314"},{"taxonomy":"product_tag","embeddable":true,"href":"https:\/\/vigodent.com.br\/esp\/wp-json\/wp\/v2\/product_tag?post=1314"}],"curies":[{"name":"wp","href":"https:\/\/api.w.org\/{rel}","templated":true}]}}