{"id":724,"date":"2024-04-01T23:09:24","date_gmt":"2024-04-01T23:09:24","guid":{"rendered":"https:\/\/vigodent.com.br\/esp\/?page_id=724"},"modified":"2024-04-01T23:09:24","modified_gmt":"2024-04-01T23:09:24","slug":"termos-e-condicoes-de-uso","status":"publish","type":"page","link":"https:\/\/vigodent.com.br\/esp\/termos-e-condicoes-de-uso\/","title":{"rendered":"Termos e Condi\u00e7\u00f5es de Uso"},"content":{"rendered":"<div style=\"height:100px\" aria-hidden=\"true\" class=\"wp-block-spacer\"><\/div><p><strong>1. Aceita\u00e7\u00e3o dos Termos:<\/strong> Ao acessar e usar o site da Vigodent, voc\u00ea concorda em cumprir estes Termos e Condi\u00e7\u00f5es, todas as leis e regulamentos aplic\u00e1veis e concorda que \u00e9 respons\u00e1vel pelo cumprimento de todas as leis locais. Se voc\u00ea n\u00e3o concordar com algum destes termos, est\u00e1 proibido de usar ou acessar este site. Os materiais contidos neste site s\u00e3o protegidos pelas leis de direitos autorais e marcas comerciais aplic\u00e1veis.<\/p><p><strong>2. Uso de Licen\u00e7a:<\/strong><\/p><ul class=\"wp-block-list\"><li>\u00c9 concedida permiss\u00e3o para baixar temporariamente uma c\u00f3pia dos materiais (informa\u00e7\u00f5es ou software) no site da Vigodent para visualiza\u00e7\u00e3o transit\u00f3ria pessoal e n\u00e3o comercial apenas. Esta \u00e9 a concess\u00e3o de uma licen\u00e7a, n\u00e3o uma transfer\u00eancia de t\u00edtulo, e sob esta licen\u00e7a voc\u00ea n\u00e3o pode:<ul class=\"wp-block-list\"><li>modificar ou copiar os materiais;<\/li>\n\n<li>usar os materiais para qualquer finalidade comercial ou para exibi\u00e7\u00e3o p\u00fablica (comercial ou n\u00e3o comercial);<\/li>\n\n<li>tentar descompilar ou fazer engenharia reversa de qualquer software contido no site da Vigodent;<\/li>\n\n<li>remover quaisquer direitos autorais ou outras nota\u00e7\u00f5es de propriedade dos materiais; ou<\/li>\n\n<li>transferir os materiais para outra pessoa ou &#8216;espelhar&#8217; os materiais em qualquer outro servidor.<\/li><\/ul><\/li>\n\n<li>Esta licen\u00e7a ser\u00e1 automaticamente rescindida se voc\u00ea violar alguma dessas restri\u00e7\u00f5es e pode ser rescindida pela Vigodent a qualquer momento. Ao terminar sua visualiza\u00e7\u00e3o desses materiais ou ap\u00f3s a rescis\u00e3o desta licen\u00e7a, voc\u00ea deve apagar todos os materiais baixados em sua posse, seja em formato eletr\u00f4nico ou impresso.<\/li><\/ul><p><strong>3. Isen\u00e7\u00e3o de Responsabilidade:<\/strong> Os materiais no site da Vigodent s\u00e3o fornecidos &#8216;como est\u00e3o&#8217;. A Vigodent n\u00e3o oferece garantias, expressas ou impl\u00edcitas, e por este meio isenta e nega todas as outras garantias, incluindo, sem limita\u00e7\u00e3o, garantias impl\u00edcitas ou condi\u00e7\u00f5es de comercializa\u00e7\u00e3o, adequa\u00e7\u00e3o a um prop\u00f3sito espec\u00edfico ou n\u00e3o viola\u00e7\u00e3o de propriedade intelectual ou outra viola\u00e7\u00e3o de direitos.<\/p><p><strong>4. Limita\u00e7\u00f5es:<\/strong> Em nenhum caso a Vigodent ou seus fornecedores ser\u00e3o respons\u00e1veis por quaisquer danos (incluindo, sem limita\u00e7\u00e3o, danos por perda de dados ou lucro, ou devido a interrup\u00e7\u00e3o dos neg\u00f3cios) decorrentes do uso ou da incapacidade de usar os materiais no site da Vigodent, mesmo que a Vigodent ou um representante autorizado da Vigodent tenha sido notificado oralmente ou por escrito da possibilidade de tais danos.<\/p><p><strong>5. Precis\u00e3o dos Materiais:<\/strong> Os materiais exibidos no site da Vigodent podem incluir erros t\u00e9cnicos, tipogr\u00e1ficos ou fotogr\u00e1ficos. A Vigodent n\u00e3o garante que qualquer material em seu site seja preciso, completo ou atual. A Vigodent pode fazer altera\u00e7\u00f5es nos materiais contidos em seu site a qualquer momento, sem aviso pr\u00e9vio. No entanto, a Vigodent n\u00e3o se compromete a atualizar os materiais.<\/p><p><strong>6. Links:<\/strong> A Vigodent n\u00e3o revisou todos os sites vinculados ao seu site e n\u00e3o \u00e9 respons\u00e1vel pelo conte\u00fado de nenhum site vinculado. A inclus\u00e3o de qualquer link n\u00e3o implica endosso pela Vigodent do site. O uso de qualquer site vinculado \u00e9 por conta e risco do usu\u00e1rio.<\/p><p><strong>7. Modifica\u00e7\u00f5es:<\/strong> A Vigodent pode revisar estes Termos e Condi\u00e7\u00f5es de Uso para o seu site a qualquer momento, sem aviso pr\u00e9vio. Ao usar este site, voc\u00ea concorda em ficar vinculado \u00e0 vers\u00e3o atual desses Termos e Condi\u00e7\u00f5es de Uso.<\/p><p><strong>8. Lei Aplic\u00e1vel:<\/strong> Estes termos e condi\u00e7\u00f5es s\u00e3o regidos e interpretados de acordo com as leis do Brasil e voc\u00ea se submete irrevogavelmente \u00e0 jurisdi\u00e7\u00e3o exclusiva dos tribunais naquele estado ou localidade.<\/p><p><strong>Contato:<\/strong> Para quaisquer esclarecimentos, d\u00favidas ou necessidade de contato, por favor, envie um e-mail para: <a>contato@vigodent.com.br<\/a>.<\/p>","protected":false},"excerpt":{"rendered":"<p>1. Aceita\u00e7\u00e3o dos Termos: Ao acessar e usar o site da Vigodent, voc\u00ea concorda em cumprir estes Termos e Condi\u00e7\u00f5es, todas as [&hellip;]<\/p>\n","protected":false},"author":1,"featured_media":0,"parent":0,"menu_order":0,"comment_status":"closed","ping_status":"closed","template":"","meta":{"_acf_changed":false,"footnotes":""},"class_list":["post-724","page","type-page","status-publish","hentry"],"acf":[],"_links":{"self":[{"href":"https:\/\/vigodent.com.br\/esp\/wp-json\/wp\/v2\/pages\/724","targetHints":{"allow":["GET"]}}],"collection":[{"href":"https:\/\/vigodent.com.br\/esp\/wp-json\/wp\/v2\/pages"}],"about":[{"href":"https:\/\/vigodent.com.br\/esp\/wp-json\/wp\/v2\/types\/page"}],"author":[{"embeddable":true,"href":"https:\/\/vigodent.com.br\/esp\/wp-json\/wp\/v2\/users\/1"}],"replies":[{"embeddable":true,"href":"https:\/\/vigodent.com.br\/esp\/wp-json\/wp\/v2\/comments?post=724"}],"version-history":[{"count":1,"href":"https:\/\/vigodent.com.br\/esp\/wp-json\/wp\/v2\/pages\/724\/revisions"}],"predecessor-version":[{"id":725,"href":"https:\/\/vigodent.com.br\/esp\/wp-json\/wp\/v2\/pages\/724\/revisions\/725"}],"wp:attachment":[{"href":"https:\/\/vigodent.com.br\/esp\/wp-json\/wp\/v2\/media?parent=724"}],"curies":[{"name":"wp","href":"https:\/\/api.w.org\/{rel}","templated":true}]}}